{"id":1389,"date":"2016-04-15T13:57:59","date_gmt":"2016-04-15T12:57:59","guid":{"rendered":"https:\/\/www.skcr.org\/en\/?page_id=1389"},"modified":"2019-05-23T12:21:23","modified_gmt":"2019-05-23T11:21:23","slug":"honorary-members","status":"publish","type":"page","link":"https:\/\/www.skcr.org\/en\/honorary-members\/","title":{"rendered":"Honorary Members"},"content":{"rendered":"<ul>\n<li style=\"list-style-type: none;\">\n<ul>\n<li style=\"list-style-type: none;\">\n<ul>\n<li>Doc. Ing. Jan \u010cerm\u00e1k, CSc.<\/li>\n<li>Ing. Milan Hoza<\/li>\n<li>Ing. Miroslav Jel\u00ednek<\/li>\n<li>Ing. Ji\u0159\u00ed Jest\u0159\u00edbek<\/li>\n<li>Ing. Ladislav J\u00edlek, CSc.<\/li>\n<li>Ing. Jaroslav Karh\u00e1nek<\/li>\n<li>Stanislav Mr\u00e1zek<\/li>\n<li>Jaroslav Odv\u00e1rka<\/li>\n<li>Ing. \u010cestm\u00edr Van\u010dura<\/li>\n<li>Ing. Zden\u011bk Vozdek<\/li>\n<li>Miroslav Weinfurter<\/li>\n<li>Franti\u0161ek Zeln\u00ed\u010dek<\/li>\n<\/ul>\n<\/li>\n<\/ul>\n<\/li>\n<\/ul>\n<p>&nbsp;<\/p>\n","protected":false},"excerpt":{"rendered":"<p>Doc. Ing. Jan \u010cerm\u00e1k, CSc. Ing. Milan Hoza Ing. Miroslav Jel\u00ednek Ing. Ji\u0159\u00ed Jest\u0159\u00edbek Ing. Ladislav J\u00edlek, CSc. Ing. Jaroslav Karh\u00e1nek Stanislav Mr\u00e1zek Jaroslav Odv\u00e1rka Ing. \u010cestm\u00edr Van\u010dura Ing. Zden\u011bk Vozdek Miroslav Weinfurter Franti\u0161ek Zeln\u00ed\u010dek &nbsp;<\/p>\n","protected":false},"author":1,"featured_media":0,"parent":0,"menu_order":15,"comment_status":"closed","ping_status":"closed","template":"template-externi.php","meta":{"_acf_changed":false,"footnotes":""},"class_list":["post-1389","page","type-page","status-publish","hentry"],"acf":[],"yoast_head":"<!-- This site is optimized with the Yoast SEO plugin v26.8 - https:\/\/yoast.com\/product\/yoast-seo-wordpress\/ -->\n<title>Honorary Members | SK\u010cR.org<\/title>\n<meta name=\"robots\" content=\"index, follow, max-snippet:-1, max-image-preview:large, max-video-preview:-1\" \/>\n<link rel=\"canonical\" href=\"https:\/\/www.skcr.org\/en\/honorary-members\/\" \/>\n<meta property=\"og:locale\" content=\"en_US\" \/>\n<meta property=\"og:type\" content=\"article\" \/>\n<meta property=\"og:title\" content=\"Honorary Members | SK\u010cR.org\" \/>\n<meta property=\"og:description\" content=\"Doc. Ing. Jan \u010cerm\u00e1k, CSc. Ing. Milan Hoza Ing. Miroslav Jel\u00ednek Ing. Ji\u0159\u00ed Jest\u0159\u00edbek Ing. Ladislav J\u00edlek, CSc. Ing. Jaroslav Karh\u00e1nek Stanislav Mr\u00e1zek Jaroslav Odv\u00e1rka Ing. \u010cestm\u00edr Van\u010dura Ing. Zden\u011bk Vozdek Miroslav Weinfurter Franti\u0161ek Zeln\u00ed\u010dek &nbsp;\" \/>\n<meta property=\"og:url\" content=\"https:\/\/www.skcr.org\/en\/honorary-members\/\" \/>\n<meta property=\"og:site_name\" content=\"SK\u010cR.org\" \/>\n<meta property=\"article:modified_time\" content=\"2019-05-23T11:21:23+00:00\" \/>\n<script type=\"application\/ld+json\" class=\"yoast-schema-graph\">{\"@context\":\"https:\/\/schema.org\",\"@graph\":[{\"@type\":\"WebPage\",\"@id\":\"https:\/\/www.skcr.org\/en\/honorary-members\/\",\"url\":\"https:\/\/www.skcr.org\/en\/honorary-members\/\",\"name\":\"Honorary Members | SK\u010cR.org\",\"isPartOf\":{\"@id\":\"https:\/\/www.skcr.org\/en\/#website\"},\"datePublished\":\"2016-04-15T12:57:59+00:00\",\"dateModified\":\"2019-05-23T11:21:23+00:00\",\"breadcrumb\":{\"@id\":\"https:\/\/www.skcr.org\/en\/honorary-members\/#breadcrumb\"},\"inLanguage\":\"en-US\",\"potentialAction\":[{\"@type\":\"ReadAction\",\"target\":[\"https:\/\/www.skcr.org\/en\/honorary-members\/\"]}]},{\"@type\":\"BreadcrumbList\",\"@id\":\"https:\/\/www.skcr.org\/en\/honorary-members\/#breadcrumb\",\"itemListElement\":[{\"@type\":\"ListItem\",\"position\":1,\"name\":\"Dom\u016f\",\"item\":\"https:\/\/www.skcr.org\/en\/\"},{\"@type\":\"ListItem\",\"position\":2,\"name\":\"Honorary Members\"}]},{\"@type\":\"WebSite\",\"@id\":\"https:\/\/www.skcr.org\/en\/#website\",\"url\":\"https:\/\/www.skcr.org\/en\/\",\"name\":\"SK\u010cR.org\",\"description\":\"Svaz kov\u00e1ren \u010cR\",\"potentialAction\":[{\"@type\":\"SearchAction\",\"target\":{\"@type\":\"EntryPoint\",\"urlTemplate\":\"https:\/\/www.skcr.org\/en\/?s={search_term_string}\"},\"query-input\":{\"@type\":\"PropertyValueSpecification\",\"valueRequired\":true,\"valueName\":\"search_term_string\"}}],\"inLanguage\":\"en-US\"}]}<\/script>\n<!-- \/ Yoast SEO plugin. -->","yoast_head_json":{"title":"Honorary Members | SK\u010cR.org","robots":{"index":"index","follow":"follow","max-snippet":"max-snippet:-1","max-image-preview":"max-image-preview:large","max-video-preview":"max-video-preview:-1"},"canonical":"https:\/\/www.skcr.org\/en\/honorary-members\/","og_locale":"en_US","og_type":"article","og_title":"Honorary Members | SK\u010cR.org","og_description":"Doc. Ing. Jan \u010cerm\u00e1k, CSc. Ing. Milan Hoza Ing. Miroslav Jel\u00ednek Ing. Ji\u0159\u00ed Jest\u0159\u00edbek Ing. Ladislav J\u00edlek, CSc. Ing. Jaroslav Karh\u00e1nek Stanislav Mr\u00e1zek Jaroslav Odv\u00e1rka Ing. \u010cestm\u00edr Van\u010dura Ing. Zden\u011bk Vozdek Miroslav Weinfurter Franti\u0161ek Zeln\u00ed\u010dek &nbsp;","og_url":"https:\/\/www.skcr.org\/en\/honorary-members\/","og_site_name":"SK\u010cR.org","article_modified_time":"2019-05-23T11:21:23+00:00","schema":{"@context":"https:\/\/schema.org","@graph":[{"@type":"WebPage","@id":"https:\/\/www.skcr.org\/en\/honorary-members\/","url":"https:\/\/www.skcr.org\/en\/honorary-members\/","name":"Honorary Members | SK\u010cR.org","isPartOf":{"@id":"https:\/\/www.skcr.org\/en\/#website"},"datePublished":"2016-04-15T12:57:59+00:00","dateModified":"2019-05-23T11:21:23+00:00","breadcrumb":{"@id":"https:\/\/www.skcr.org\/en\/honorary-members\/#breadcrumb"},"inLanguage":"en-US","potentialAction":[{"@type":"ReadAction","target":["https:\/\/www.skcr.org\/en\/honorary-members\/"]}]},{"@type":"BreadcrumbList","@id":"https:\/\/www.skcr.org\/en\/honorary-members\/#breadcrumb","itemListElement":[{"@type":"ListItem","position":1,"name":"Dom\u016f","item":"https:\/\/www.skcr.org\/en\/"},{"@type":"ListItem","position":2,"name":"Honorary Members"}]},{"@type":"WebSite","@id":"https:\/\/www.skcr.org\/en\/#website","url":"https:\/\/www.skcr.org\/en\/","name":"SK\u010cR.org","description":"Svaz kov\u00e1ren \u010cR","potentialAction":[{"@type":"SearchAction","target":{"@type":"EntryPoint","urlTemplate":"https:\/\/www.skcr.org\/en\/?s={search_term_string}"},"query-input":{"@type":"PropertyValueSpecification","valueRequired":true,"valueName":"search_term_string"}}],"inLanguage":"en-US"}]}},"_links":{"self":[{"href":"https:\/\/www.skcr.org\/en\/wp-json\/wp\/v2\/pages\/1389","targetHints":{"allow":["GET"]}}],"collection":[{"href":"https:\/\/www.skcr.org\/en\/wp-json\/wp\/v2\/pages"}],"about":[{"href":"https:\/\/www.skcr.org\/en\/wp-json\/wp\/v2\/types\/page"}],"author":[{"embeddable":true,"href":"https:\/\/www.skcr.org\/en\/wp-json\/wp\/v2\/users\/1"}],"replies":[{"embeddable":true,"href":"https:\/\/www.skcr.org\/en\/wp-json\/wp\/v2\/comments?post=1389"}],"version-history":[{"count":7,"href":"https:\/\/www.skcr.org\/en\/wp-json\/wp\/v2\/pages\/1389\/revisions"}],"predecessor-version":[{"id":1953,"href":"https:\/\/www.skcr.org\/en\/wp-json\/wp\/v2\/pages\/1389\/revisions\/1953"}],"wp:attachment":[{"href":"https:\/\/www.skcr.org\/en\/wp-json\/wp\/v2\/media?parent=1389"}],"curies":[{"name":"wp","href":"https:\/\/api.w.org\/{rel}","templated":true}]}}